{"id":2002,"date":"2025-02-14T19:50:56","date_gmt":"2025-02-14T18:50:56","guid":{"rendered":"https:\/\/higienefactory.com\/?post_type=product&#038;p=2002"},"modified":"2026-01-02T16:38:53","modified_gmt":"2026-01-02T15:38:53","slug":"higicuat-detergente-desinfectante-perfumado","status":"publish","type":"product","link":"https:\/\/higienefactory.com\/fr\/producto\/higicuat-detergente-desinfectante-perfumado\/","title":{"rendered":"HIGICUAT 1L Detergente Desinfectante Perfumado"},"content":{"rendered":"<p>L\u00edquido desinfectante para todo tipo de superficies duras resistentes al agua en el \u00e1mbito ambiental. Excelentes resultados<br \/>\nsobre las superficies con suciedad moderada. Muy \u00fatil para la limpieza y desinfecci\u00f3n general de zonas p\u00fablicas como<br \/>\ncolegios, gimnasios y grandes superficies. Recomendable tambi\u00e9n para la desinfecci\u00f3n de trajes de neopreno.<\/p>\n","protected":false},"excerpt":{"rendered":"<p><span class=\"fontstyle0\">Detergente desinfectante perfumado concentrado.<\/span><\/p>\n","protected":false},"featured_media":2857,"template":"","meta":{"_jet_sm_ready_style":"","_jet_sm_style":"","_jet_sm_controls_values":"","_jet_sm_fonts_collection":"","_jet_sm_fonts_links":""},"product_brand":[],"product_cat":[241,198,273,274,276],"product_tag":[],"class_list":{"0":"post-2002","1":"product","2":"type-product","3":"status-publish","4":"has-post-thumbnail","6":"product_cat-sin-categorizar-fr","7":"product_cat-produits-de-nettoyage-et-desinfection","8":"product_cat-limpieza-profesional-fr","9":"product_cat-cicinas-colectivas-fr","10":"product_cat-hospitales-fr","12":"first","13":"instock","14":"taxable","15":"shipping-taxable","16":"purchasable","17":"product-type-simple"},"jetpack_sharing_enabled":true,"_links":{"self":[{"href":"https:\/\/higienefactory.com\/fr\/wp-json\/wp\/v2\/product\/2002","targetHints":{"allow":["GET"]}}],"collection":[{"href":"https:\/\/higienefactory.com\/fr\/wp-json\/wp\/v2\/product"}],"about":[{"href":"https:\/\/higienefactory.com\/fr\/wp-json\/wp\/v2\/types\/product"}],"wp:featuredmedia":[{"embeddable":true,"href":"https:\/\/higienefactory.com\/fr\/wp-json\/wp\/v2\/media\/2857"}],"wp:attachment":[{"href":"https:\/\/higienefactory.com\/fr\/wp-json\/wp\/v2\/media?parent=2002"}],"wp:term":[{"taxonomy":"product_brand","embeddable":true,"href":"https:\/\/higienefactory.com\/fr\/wp-json\/wp\/v2\/product_brand?post=2002"},{"taxonomy":"product_cat","embeddable":true,"href":"https:\/\/higienefactory.com\/fr\/wp-json\/wp\/v2\/product_cat?post=2002"},{"taxonomy":"product_tag","embeddable":true,"href":"https:\/\/higienefactory.com\/fr\/wp-json\/wp\/v2\/product_tag?post=2002"}],"curies":[{"name":"wp","href":"https:\/\/api.w.org\/{rel}","templated":true}]}}