{"id":1979,"date":"2025-02-14T12:14:39","date_gmt":"2025-02-14T11:14:39","guid":{"rendered":"https:\/\/higienefactory.com\/?post_type=product&#038;p=1979"},"modified":"2026-01-02T16:44:57","modified_gmt":"2026-01-02T15:44:57","slug":"air-ld-ambientador-aroma-lavada","status":"publish","type":"product","link":"https:\/\/higienefactory.com\/fr\/producto\/air-ld-ambientador-aroma-lavada\/","title":{"rendered":"AIR LD 1L"},"content":{"rendered":"<p>Ambientador Aroma Lavada<\/p>\n<p>Eficaz ambientador concentrado con aroma de lavanda, que podr\u00e1 ser utilizado en toda clase de espacios.<br \/>\nGran econom\u00eda de uso.<\/p>\n","protected":false},"excerpt":{"rendered":"<p>Producto dise\u00f1ado para la higiene y desinfecci\u00f3n total de superficies duras y la mayor\u00eda de mobiliario. Ready to use en envase pulverizador de 750 ml.<\/p>\n","protected":false},"featured_media":2818,"template":"","meta":{"_jet_sm_ready_style":"","_jet_sm_style":"","_jet_sm_controls_values":"","_jet_sm_fonts_collection":"","_jet_sm_fonts_links":""},"product_brand":[],"product_cat":[241,198,267,269],"product_tag":[],"class_list":{"0":"post-1979","1":"product","2":"type-product","3":"status-publish","4":"has-post-thumbnail","6":"product_cat-sin-categorizar-fr","7":"product_cat-produits-de-nettoyage-et-desinfection","8":"product_cat-ambientadores-fr","9":"product_cat-fortex-fr","11":"first","12":"instock","13":"taxable","14":"shipping-taxable","15":"purchasable","16":"product-type-simple"},"jetpack_sharing_enabled":true,"_links":{"self":[{"href":"https:\/\/higienefactory.com\/fr\/wp-json\/wp\/v2\/product\/1979","targetHints":{"allow":["GET"]}}],"collection":[{"href":"https:\/\/higienefactory.com\/fr\/wp-json\/wp\/v2\/product"}],"about":[{"href":"https:\/\/higienefactory.com\/fr\/wp-json\/wp\/v2\/types\/product"}],"wp:featuredmedia":[{"embeddable":true,"href":"https:\/\/higienefactory.com\/fr\/wp-json\/wp\/v2\/media\/2818"}],"wp:attachment":[{"href":"https:\/\/higienefactory.com\/fr\/wp-json\/wp\/v2\/media?parent=1979"}],"wp:term":[{"taxonomy":"product_brand","embeddable":true,"href":"https:\/\/higienefactory.com\/fr\/wp-json\/wp\/v2\/product_brand?post=1979"},{"taxonomy":"product_cat","embeddable":true,"href":"https:\/\/higienefactory.com\/fr\/wp-json\/wp\/v2\/product_cat?post=1979"},{"taxonomy":"product_tag","embeddable":true,"href":"https:\/\/higienefactory.com\/fr\/wp-json\/wp\/v2\/product_tag?post=1979"}],"curies":[{"name":"wp","href":"https:\/\/api.w.org\/{rel}","templated":true}]}}