{"id":1958,"date":"2025-02-14T10:43:55","date_gmt":"2025-02-14T09:43:55","guid":{"rendered":"https:\/\/higienefactory.com\/producto\/viroxi-spray-limpiador-desinfectante-multiusos\/"},"modified":"2026-04-17T10:27:54","modified_gmt":"2026-04-17T08:27:54","slug":"viroxi-spray-limpiador-desinfectante-multiusos","status":"publish","type":"product","link":"https:\/\/higienefactory.com\/fr\/producto\/viroxi-spray-limpiador-desinfectante-multiusos\/","title":{"rendered":"VIROXI SPRAY (HA) 750ml"},"content":{"rendered":"<p>Limpiador desinfectante multiusos.<\/p>\n<p>L\u00edquido desinfectante concentrado con acci\u00f3n bactericida, fungicida y viricida para la higiene de superficies duras lavables con agua<br \/>\nen la industria alimentaria.<\/p>\n","protected":false},"excerpt":{"rendered":"<p>Producto dise\u00f1ado para la higiene y desinfecci\u00f3n total de superficies duras y la mayor\u00eda de mobiliario. Ready to use en envase pulverizador de 750 ml.<\/p>\n","protected":false},"featured_media":2887,"template":"","meta":{"_jet_sm_ready_style":"","_jet_sm_style":"","_jet_sm_controls_values":"","_jet_sm_fonts_collection":"","_jet_sm_fonts_links":""},"product_brand":[],"product_cat":[281,241],"product_tag":[],"class_list":{"0":"post-1958","1":"product","2":"type-product","3":"status-publish","4":"has-post-thumbnail","6":"product_cat-industria-alimentaria","7":"product_cat-sin-categorizar-fr","9":"first","10":"instock","11":"taxable","12":"shipping-taxable","13":"purchasable","14":"product-type-simple"},"jetpack_sharing_enabled":true,"_links":{"self":[{"href":"https:\/\/higienefactory.com\/fr\/wp-json\/wp\/v2\/product\/1958","targetHints":{"allow":["GET"]}}],"collection":[{"href":"https:\/\/higienefactory.com\/fr\/wp-json\/wp\/v2\/product"}],"about":[{"href":"https:\/\/higienefactory.com\/fr\/wp-json\/wp\/v2\/types\/product"}],"wp:featuredmedia":[{"embeddable":true,"href":"https:\/\/higienefactory.com\/fr\/wp-json\/wp\/v2\/media\/2887"}],"wp:attachment":[{"href":"https:\/\/higienefactory.com\/fr\/wp-json\/wp\/v2\/media?parent=1958"}],"wp:term":[{"taxonomy":"product_brand","embeddable":true,"href":"https:\/\/higienefactory.com\/fr\/wp-json\/wp\/v2\/product_brand?post=1958"},{"taxonomy":"product_cat","embeddable":true,"href":"https:\/\/higienefactory.com\/fr\/wp-json\/wp\/v2\/product_cat?post=1958"},{"taxonomy":"product_tag","embeddable":true,"href":"https:\/\/higienefactory.com\/fr\/wp-json\/wp\/v2\/product_tag?post=1958"}],"curies":[{"name":"wp","href":"https:\/\/api.w.org\/{rel}","templated":true}]}}