{"id":1256,"date":"2020-11-20T12:23:18","date_gmt":"2020-11-20T11:23:18","guid":{"rendered":"https:\/\/higienefactory.com\/expedition-retours\/"},"modified":"2020-11-20T12:23:19","modified_gmt":"2020-11-20T11:23:19","slug":"expedition-retours","status":"publish","type":"page","link":"https:\/\/higienefactory.com\/fr\/expedition-retours\/","title":{"rendered":"Exp\u00e9dition &#038; retours"},"content":{"rendered":"\t\t<div data-elementor-type=\"wp-page\" data-elementor-id=\"1256\" class=\"elementor elementor-1256 elementor-890\" data-elementor-post-type=\"page\">\n\t\t\t\t\t\t<section class=\"elementor-section elementor-top-section elementor-element elementor-element-9c4896f elementor-section-stretched elementor-section-full_width elementor-section-height-default elementor-section-height-default\" data-id=\"9c4896f\" data-element_type=\"section\" data-settings=\"{&quot;stretch_section&quot;:&quot;section-stretched&quot;,&quot;background_background&quot;:&quot;classic&quot;,&quot;jet_parallax_layout_list&quot;:[{&quot;jet_parallax_layout_image&quot;:{&quot;url&quot;:&quot;&quot;,&quot;id&quot;:&quot;&quot;,&quot;size&quot;:&quot;&quot;},&quot;_id&quot;:&quot;e5b7d32&quot;,&quot;jet_parallax_layout_image_tablet&quot;:{&quot;url&quot;:&quot;&quot;,&quot;id&quot;:&quot;&quot;,&quot;size&quot;:&quot;&quot;},&quot;jet_parallax_layout_image_mobile&quot;:{&quot;url&quot;:&quot;&quot;,&quot;id&quot;:&quot;&quot;,&quot;size&quot;:&quot;&quot;},&quot;jet_parallax_layout_speed&quot;:{&quot;unit&quot;:&quot;%&quot;,&quot;size&quot;:50,&quot;sizes&quot;:[]},&quot;jet_parallax_layout_type&quot;:&quot;scroll&quot;,&quot;jet_parallax_layout_direction&quot;:&quot;1&quot;,&quot;jet_parallax_layout_fx_direction&quot;:null,&quot;jet_parallax_layout_z_index&quot;:&quot;&quot;,&quot;jet_parallax_layout_bg_x&quot;:50,&quot;jet_parallax_layout_bg_x_tablet&quot;:&quot;&quot;,&quot;jet_parallax_layout_bg_x_mobile&quot;:&quot;&quot;,&quot;jet_parallax_layout_bg_y&quot;:50,&quot;jet_parallax_layout_bg_y_tablet&quot;:&quot;&quot;,&quot;jet_parallax_layout_bg_y_mobile&quot;:&quot;&quot;,&quot;jet_parallax_layout_bg_size&quot;:&quot;auto&quot;,&quot;jet_parallax_layout_bg_size_tablet&quot;:&quot;&quot;,&quot;jet_parallax_layout_bg_size_mobile&quot;:&quot;&quot;,&quot;jet_parallax_layout_animation_prop&quot;:&quot;transform&quot;,&quot;jet_parallax_layout_on&quot;:[&quot;desktop&quot;,&quot;tablet&quot;]}]}\">\n\t\t\t\t\t\t<div class=\"elementor-container elementor-column-gap-default\">\n\t\t\t\t\t<div class=\"elementor-column elementor-col-100 elementor-top-column elementor-element elementor-element-4515c85\" data-id=\"4515c85\" data-element_type=\"column\">\n\t\t\t<div class=\"elementor-widget-wrap elementor-element-populated\">\n\t\t\t\t\t\t<div class=\"elementor-element elementor-element-e3d8aa7 elementor-widget elementor-widget-heading\" data-id=\"e3d8aa7\" data-element_type=\"widget\" data-widget_type=\"heading.default\">\n\t\t\t\t<div class=\"elementor-widget-container\">\n\t\t\t\t\t<p class=\"elementor-heading-title elementor-size-default\">Exp\u00e9dition &#038; retours<\/p>\t\t\t\t<\/div>\n\t\t\t\t<\/div>\n\t\t\t\t\t<\/div>\n\t\t<\/div>\n\t\t\t\t\t<\/div>\n\t\t<\/section>\n\t\t\t\t<section class=\"elementor-section elementor-top-section elementor-element elementor-element-719aa29 elementor-section-boxed elementor-section-height-default elementor-section-height-default\" data-id=\"719aa29\" data-element_type=\"section\" data-settings=\"{&quot;jet_parallax_layout_list&quot;:[{&quot;jet_parallax_layout_image&quot;:{&quot;url&quot;:&quot;&quot;,&quot;id&quot;:&quot;&quot;,&quot;size&quot;:&quot;&quot;},&quot;_id&quot;:&quot;7f320c5&quot;,&quot;jet_parallax_layout_image_tablet&quot;:{&quot;url&quot;:&quot;&quot;,&quot;id&quot;:&quot;&quot;,&quot;size&quot;:&quot;&quot;},&quot;jet_parallax_layout_image_mobile&quot;:{&quot;url&quot;:&quot;&quot;,&quot;id&quot;:&quot;&quot;,&quot;size&quot;:&quot;&quot;},&quot;jet_parallax_layout_speed&quot;:{&quot;unit&quot;:&quot;%&quot;,&quot;size&quot;:50,&quot;sizes&quot;:[]},&quot;jet_parallax_layout_type&quot;:&quot;scroll&quot;,&quot;jet_parallax_layout_direction&quot;:&quot;1&quot;,&quot;jet_parallax_layout_fx_direction&quot;:null,&quot;jet_parallax_layout_z_index&quot;:&quot;&quot;,&quot;jet_parallax_layout_bg_x&quot;:50,&quot;jet_parallax_layout_bg_x_tablet&quot;:&quot;&quot;,&quot;jet_parallax_layout_bg_x_mobile&quot;:&quot;&quot;,&quot;jet_parallax_layout_bg_y&quot;:50,&quot;jet_parallax_layout_bg_y_tablet&quot;:&quot;&quot;,&quot;jet_parallax_layout_bg_y_mobile&quot;:&quot;&quot;,&quot;jet_parallax_layout_bg_size&quot;:&quot;auto&quot;,&quot;jet_parallax_layout_bg_size_tablet&quot;:&quot;&quot;,&quot;jet_parallax_layout_bg_size_mobile&quot;:&quot;&quot;,&quot;jet_parallax_layout_animation_prop&quot;:&quot;transform&quot;,&quot;jet_parallax_layout_on&quot;:[&quot;desktop&quot;,&quot;tablet&quot;]}]}\">\n\t\t\t\t\t\t<div class=\"elementor-container elementor-column-gap-default\">\n\t\t\t\t\t<div class=\"elementor-column elementor-col-100 elementor-top-column elementor-element elementor-element-484a0c8\" data-id=\"484a0c8\" data-element_type=\"column\">\n\t\t\t<div class=\"elementor-widget-wrap elementor-element-populated\">\n\t\t\t\t\t\t<div class=\"elementor-element elementor-element-c36977e elementor-widget elementor-widget-text-editor\" data-id=\"c36977e\" data-element_type=\"widget\" data-widget_type=\"text-editor.default\">\n\t\t\t\t<div class=\"elementor-widget-container\">\n\t\t\t\t\t\t\t\t\t<p><strong>Commandes et transport<\/strong><\/p>\n<p>Les commandes sont trait\u00e9es quotidiennement, sous r\u00e9serve de l&rsquo;\u00e9tat des stocks.90% des produits affich\u00e9s dans la boutique en ligne sont toujours en stock permanent. Dans tous les cas nous vous precisons le delai de livraison avec la confirmation de votre commande .  Delai moyen de 24 \u00e0 72 heures en passant votre commande avant 12h00.<\/p>\n<p><strong>P\u00c9NINSULE:: <\/strong><\/p>\n<table>\n<tbody>\n<tr>\n<td><strong>Montant du panier (avant taxes) <\/strong><\/td>\n<td><strong>Exp\u00e9dition sans TVA <\/strong><\/td>\n<td><strong>Livraison avec TVA<\/strong><\/td>\n<\/tr>\n<tr>\n<td>1\u20ac \u00e0 49.99\u20ac<\/td>\n<td>3.99\u20ac<\/td>\n<td>4.83 \u20ac<\/td>\n<\/tr>\n<tr>\n<td>50\u20ac \u00e0 99.99\u20ac<\/td>\n<td>4.12\u20ac<\/td>\n<td>4.99\u20ac<\/td>\n<\/tr>\n<tr>\n<td>100\u20ac \u00e0 149.99 \u20ac<\/td>\n<td>8.26\u20ac<\/td>\n<td>9.99\u20ac<\/td>\n<\/tr>\n<tr>\n<td>&gt;= 150 \u20ac<\/td>\n<td>GRATUIT<\/td>\n<td>GRATUIT<\/td>\n<\/tr>\n<\/tbody>\n<\/table>\n<p><strong>Autres destinations: consulter<\/strong><\/p>\n<p>Vous avez les possibilit\u00e9s suivantes pour passer une commande:<\/p>\n<p>Achat en ligne. S\u00e9lectionnez vos produits souhait\u00e9s et mettez-les dans le panier de commande (achat facile en 3 \u00e9tapes), Ou par e mail \u00e0: ventas@higienefactory.com<\/p>\n<p>Vous pouvez \u00e9galement passer votre commande par t\u00e9l\u00e9phone: T\u00e9l\u00e9phone: 950307134 du lundi au jeudi de 08h30 \u00e0 14h00 et de 15h00 \u00e0 17h30 et le vendredi de 09h00 \u00e0 14h00, et en juillet et ao\u00fbt Du lundi au vendredi de 8h00 \u00e0 14h00.<\/p>\n<p><strong>MODES DE PAIEMENT:<\/strong><\/p>\n<p>Paiement<br \/>\nChez HIGIENE FACTORY, vous pouvez r\u00e9gler votre facture de la mani\u00e8re suivante:<br \/>\n\u2022 Virement bancaire<br \/>\n\u2022 Carte de cr\u00e9dit<br \/>\n\u2022 Paypal<br \/>\n\u2022 Paiement \u00e0 la livraison (frais suppl\u00e9mentaires)<br \/>\n\u2022 Mode de paiement diff\u00e9r\u00e9, autorisation pr\u00e9alable de l&rsquo;assureur-cr\u00e9dit (uniquement pour les entreprises)<\/p>\n<p><strong>Retour<\/strong><\/p>\n<p>Si une fois la commande re\u00e7ue, vous n&rsquo;\u00eates pas satisfait, ce n&rsquo;\u00e9tait pas ce \u00e0 quoi vous vous attendiez, ou vous vous \u00eates rendu compte que cela ne fonctionne pas pour vous, ne vous inqui\u00e9tez pas. Nous vous facilitons les choses afin que le processus de retour soit le moins ennuyeux possible.<\/p>\n<p>En tant qu&rsquo;utilisateur, nous vous informons que conform\u00e9ment \u00e0 l&rsquo;art. Art.71 du d\u00e9cret l\u00e9gislatif royal 1\/2007, du 16 novembre, qui approuve le texte r\u00e9vis\u00e9 de la loi g\u00e9n\u00e9rale pour la d\u00e9fense des consommateurs et des utilisateurs et la modification des articles 68-79 et 102-108 du Ce d\u00e9cret-loi 3\/2014, en vigueur depuis le 29 mars 2014, vous disposez d&rsquo;un d\u00e9lai de 14 jours, \u00e0 compter de la date de livraison de la commande, pour effectuer votre retour. Il faut savoir que les frais engendr\u00e9s par le retour du produit seront \u00e0 votre charge (Art. 101.1 RDLg 1\/2007).<\/p>\n<p><strong>COMMENT EFFECTUER LE RETOUR?<\/strong><\/p>\n<p>La premi\u00e8re chose que vous devez faire est de nous contacter par e-mail info@higienefactory.com ou en nous appelant au 695 546 988 Une fois que nous avons la preuve des produits que vous devez retourner, vous devez vous assurer que le mat\u00e9riel est en parfait \u00e9tat, c&rsquo;est-\u00e0-dire, , avec son emballage bien scell\u00e9 et son contenu d&rsquo;origine (y compris les garanties, les \u00e9tiquettes et les instructions d&rsquo;utilisation, le cas \u00e9ch\u00e9ant).<\/p>\n<p>Il est essentiel que le mat\u00e9riel \u00e0 retourner n&rsquo;ait en aucun cas \u00e9t\u00e9 utilis\u00e9, car si vous l&rsquo;avez utilis\u00e9, vous ne pourrez pas effectuer le retour. Dans le cas o\u00f9 nous recevrions le produit dans des conditions de d\u00e9t\u00e9rioration et \/ ou d&rsquo;utilisation visible, nous vous le retournerons \u00e0 nouveau, g\u00e9n\u00e9rant des frais d&rsquo;exp\u00e9dition que vous devrez assumer en tant qu&rsquo;utilisateur.<\/p>\n<p>Il est tr\u00e8s important que vous retourniez le (s) produit (s) parfaitement emball\u00e9 (s). Dans le cas o\u00f9 les produits seraient endommag\u00e9s en raison d&rsquo;un emballage inappropri\u00e9, nous n&rsquo;accepterons pas les retours. Une fois que nous recevons la marchandise dans notre entrep\u00f4t et que nous v\u00e9rifions que toutes les conditions ci-dessus sont remplies, dans HIGIENE FACTORY nous g\u00e9rerons le remboursement du montant de l&rsquo;achat, y compris les frais de port g\u00e9n\u00e9r\u00e9s lors du premier envoi.<\/p>\n<p><strong>RETOUR D&rsquo;ARTICLES INCOMPLET, D\u00c9FECTUEUX OU ERREURS.<\/strong><\/p>\n<p>Si vous recevez des envois d\u00e9fectueux, incomplets ou erron\u00e9s, chez HIGIENE FACTORY nous prenons en charge les frais de retour et de transport. Vous devez nous en informer dans un d\u00e9lai maximum de 48 heures apr\u00e8s l&rsquo;avoir re\u00e7u. Pass\u00e9 le d\u00e9lai stipul\u00e9, les frais de retour seront \u00e0 votre charge.<\/p>\n<p><strong> Service Clients<\/strong><\/p>\n<p>Pour toute question ou incident avec votre commande, vous disposez de notre service client, qui saura vous guider et r\u00e9soudre tous les probl\u00e8mes rapidement. Achat en ligne. S\u00e9lectionnez vos produits souhait\u00e9s et mettez-les dans le panier de commande (achat facile en 3 \u00e9tapes), Ou par mail \u00e0: ventas@higienefactory.com<\/p>\n<p>Vous pouvez \u00e9galement passer votre commande par t\u00e9l\u00e9phone: T\u00e9l\u00e9phone: 950307134 du lundi au jeudi de 08h30 \u00e0 14h00 et de 15h00 \u00e0 17h30 et le vendredi de 09h00 \u00e0 14h00, et en juillet et ao\u00fbt Du lundi au vendredi de 8h00 \u00e0 14h00.<\/p>\n\t\t\t\t\t\t\t\t<\/div>\n\t\t\t\t<\/div>\n\t\t\t\t\t<\/div>\n\t\t<\/div>\n\t\t\t\t\t<\/div>\n\t\t<\/section>\n\t\t\t\t<\/div>\n\t\t","protected":false},"excerpt":{"rendered":"<p>Commandes et transport Les commandes sont trait\u00e9es quotidiennement, sous r\u00e9serve de l&rsquo;\u00e9tat des stocks.90% des produits affich\u00e9s dans la boutique en ligne sont toujours en stock permanent. Dans tous les cas nous vous precisons le delai de livraison avec la confirmation de votre commande . Delai moyen de 24 \u00e0 72 heures en passant votre [&hellip;]<\/p>\n","protected":false},"author":2,"featured_media":0,"parent":0,"menu_order":0,"comment_status":"closed","ping_status":"closed","template":"","meta":{"_jet_sm_ready_style":"","_jet_sm_style":"","_jet_sm_controls_values":"","_jet_sm_fonts_collection":"","_jet_sm_fonts_links":"","footnotes":""},"class_list":["post-1256","page","type-page","status-publish","hentry"],"jetpack_sharing_enabled":true,"_links":{"self":[{"href":"https:\/\/higienefactory.com\/fr\/wp-json\/wp\/v2\/pages\/1256","targetHints":{"allow":["GET"]}}],"collection":[{"href":"https:\/\/higienefactory.com\/fr\/wp-json\/wp\/v2\/pages"}],"about":[{"href":"https:\/\/higienefactory.com\/fr\/wp-json\/wp\/v2\/types\/page"}],"author":[{"embeddable":true,"href":"https:\/\/higienefactory.com\/fr\/wp-json\/wp\/v2\/users\/2"}],"replies":[{"embeddable":true,"href":"https:\/\/higienefactory.com\/fr\/wp-json\/wp\/v2\/comments?post=1256"}],"version-history":[{"count":1,"href":"https:\/\/higienefactory.com\/fr\/wp-json\/wp\/v2\/pages\/1256\/revisions"}],"predecessor-version":[{"id":1257,"href":"https:\/\/higienefactory.com\/fr\/wp-json\/wp\/v2\/pages\/1256\/revisions\/1257"}],"wp:attachment":[{"href":"https:\/\/higienefactory.com\/fr\/wp-json\/wp\/v2\/media?parent=1256"}],"curies":[{"name":"wp","href":"https:\/\/api.w.org\/{rel}","templated":true}]}}