{"id":1705,"date":"2020-11-25T10:43:13","date_gmt":"2020-11-25T09:43:13","guid":{"rendered":"https:\/\/higienefactory.com\/producto\/mix-p20-desinfectante-desengrasante\/"},"modified":"2020-11-25T10:43:13","modified_gmt":"2020-11-25T09:43:13","slug":"mix-p20-desinfectante-desengrasante","status":"publish","type":"product","link":"https:\/\/higienefactory.com\/en\/producto\/mix-p20-desinfectante-desengrasante\/","title":{"rendered":"Mix P20. Desinfectante desengrasante"},"content":{"rendered":"<p>Detergente desinfectante de superficies por contacto con acci\u00f3n bactericida, levuricida y virucida. Producto\u00a0 tripe acci\u00f3n: limpia, desengrasa y desinfecta en una sola fase. Su elevada concentraci\u00f3n permite desinfectar grandes superficies a muy\u00a0 bajo coste.<\/p>\n<p>Autorizado para su aplicaci\u00f3n en el \u00e1mbito alimentario, lo que lo hace indispensable en los planes APPCC.<\/p>\n<p>&nbsp;<\/p>\n","protected":false},"excerpt":{"rendered":"<p>Limpia, desengrasa y desinfecta en una sola fase. Autorizado para su aplicaci\u00f3n en el \u00e1mbito alimentario e indispensable en los planes APPCC. M\u00e1xima seguridad de aplicaci\u00f3n y rentabilidad.<\/p>\n","protected":false},"featured_media":1629,"template":"","meta":{"_jet_sm_ready_style":"","_jet_sm_style":"","_jet_sm_controls_values":"","_jet_sm_fonts_collection":"","_jet_sm_fonts_links":""},"product_brand":[],"product_cat":[209],"product_tag":[],"class_list":{"0":"post-1705","1":"product","2":"type-product","3":"status-publish","4":"has-post-thumbnail","6":"product_cat-chemicals","8":"first","9":"instock","10":"taxable","11":"shipping-taxable","12":"purchasable","13":"product-type-simple"},"jetpack_sharing_enabled":true,"_links":{"self":[{"href":"https:\/\/higienefactory.com\/en\/wp-json\/wp\/v2\/product\/1705","targetHints":{"allow":["GET"]}}],"collection":[{"href":"https:\/\/higienefactory.com\/en\/wp-json\/wp\/v2\/product"}],"about":[{"href":"https:\/\/higienefactory.com\/en\/wp-json\/wp\/v2\/types\/product"}],"wp:featuredmedia":[{"embeddable":true,"href":"https:\/\/higienefactory.com\/en\/wp-json\/wp\/v2\/media\/1629"}],"wp:attachment":[{"href":"https:\/\/higienefactory.com\/en\/wp-json\/wp\/v2\/media?parent=1705"}],"wp:term":[{"taxonomy":"product_brand","embeddable":true,"href":"https:\/\/higienefactory.com\/en\/wp-json\/wp\/v2\/product_brand?post=1705"},{"taxonomy":"product_cat","embeddable":true,"href":"https:\/\/higienefactory.com\/en\/wp-json\/wp\/v2\/product_cat?post=1705"},{"taxonomy":"product_tag","embeddable":true,"href":"https:\/\/higienefactory.com\/en\/wp-json\/wp\/v2\/product_tag?post=1705"}],"curies":[{"name":"wp","href":"https:\/\/api.w.org\/{rel}","templated":true}]}}